{"id":266,"date":"2023-02-17T16:15:15","date_gmt":"2023-02-17T16:15:15","guid":{"rendered":"https:\/\/www.rathnacinnamon.com\/?page_id=266"},"modified":"2023-04-12T11:54:48","modified_gmt":"2023-04-12T11:54:48","slug":"returns-refunds","status":"publish","type":"page","link":"https:\/\/www.rathnacinnamon.com\/es\/returns-refunds\/","title":{"rendered":"Devoluciones y Reembolsos"},"content":{"rendered":"<div data-elementor-type=\"wp-page\" data-elementor-id=\"266\" class=\"elementor elementor-266\">\n\t\t\t\t\t\t<section class=\"has_eae_slider elementor-section elementor-top-section elementor-element elementor-element-ad746e2 elementor-section-boxed elementor-section-height-default elementor-section-height-default\" data-eae-slider=\"89198\" data-id=\"ad746e2\" data-element_type=\"section\">\n\t\t\t\t\t\t<div class=\"elementor-container elementor-column-gap-default\">\n\t\t\t\t\t<div class=\"has_eae_slider elementor-column elementor-col-100 elementor-top-column elementor-element elementor-element-a347bd5\" data-eae-slider=\"34499\" data-id=\"a347bd5\" data-element_type=\"column\">\n\t\t\t<div class=\"elementor-widget-wrap elementor-element-populated\">\n\t\t\t\t\t\t<div class=\"elementor-element elementor-element-9f7d66a elementor-widget elementor-widget-heading\" data-id=\"9f7d66a\" data-element_type=\"widget\" data-widget_type=\"heading.default\">\n\t\t\t\t<div class=\"elementor-widget-container\">\n\t\t\t\t\t<h2 class=\"elementor-heading-title elementor-size-default\">Pol\u00edtica de devoluci\u00f3n y reembolso<\/h2>\t\t\t\t<\/div>\n\t\t\t\t<\/div>\n\t\t\t\t\t<\/div>\n\t\t<\/div>\n\t\t\t\t\t<\/div>\n\t\t<\/section>\n\t\t\t\t<section class=\"has_eae_slider elementor-section elementor-top-section elementor-element elementor-element-e1150d7 elementor-section-boxed elementor-section-height-default elementor-section-height-default\" data-eae-slider=\"96055\" data-id=\"e1150d7\" data-element_type=\"section\">\n\t\t\t\t\t\t<div class=\"elementor-container elementor-column-gap-default\">\n\t\t\t\t\t<div class=\"has_eae_slider elementor-column elementor-col-100 elementor-top-column elementor-element elementor-element-08bfb99\" data-eae-slider=\"50228\" data-id=\"08bfb99\" data-element_type=\"column\">\n\t\t\t<div class=\"elementor-widget-wrap elementor-element-populated\">\n\t\t\t\t\t\t<div class=\"elementor-element elementor-element-c9b8dab txt-para elementor-widget elementor-widget-text-editor\" data-id=\"c9b8dab\" data-element_type=\"widget\" data-widget_type=\"text-editor.default\">\n\t\t\t\t<div class=\"elementor-widget-container\">\n\t\t\t\t\t\t\t\t\t<p>\u00daltima actualizaci\u00f3n: 12 de abril de 2023<\/p><p>En Rathna Producers Cinnamon Exports Pvt Ltd nos aseguramos de que todos nuestros productos cumplan con sus expectativas. Por lo tanto, nos aseguramos de que se lleven a cabo todas las medidas de calidad antes de continuar. Sin embargo, si hay una circunstancia sin precedentes en la que desea devolver su pedido de Cinnamon, puede hacerlo.<\/p><p>Aqu\u00ed hay algunas pautas que Rathna espera que los clientes sigan para devolver sus productos.<\/p><ul><li><p>Inf\u00f3rmenos sobre cualquier producto defectuoso dentro de los 3 d\u00edas posteriores a la recepci\u00f3n del producto por correo electr\u00f3nico a <a href=\"mailto:info@rathnacinnamon.com\" target=\"_blank\" rel=\"noopener\"><strong>info@rathnacinnamon.com<\/strong><\/a> o WhatsApp al <strong>+94 771095685<\/strong> con el <strong>n\u00famero de pedido<\/strong> junto con im\u00e1genes de los productos defectuosos.<\/p><\/li><li><p>No seremos responsables de los da\u00f1os durante el tr\u00e1nsito del servicio de mensajer\u00eda.<\/p><\/li><li><p>Evaluaremos la queja exhaustivamente despu\u00e9s de recibir todos los detalles. Si la evaluaci\u00f3n demuestra que la queja es razonable, le reembolsamos el monto total.<\/p><\/li><\/ul>\t\t\t\t\t\t\t\t<\/div>\n\t\t\t\t<\/div>\n\t\t\t\t\t<\/div>\n\t\t<\/div>\n\t\t\t\t\t<\/div>\n\t\t<\/section>\n\t\t\t\t<\/div>","protected":false},"excerpt":{"rendered":"<p>Return and Refunds Last updated: April 12, 2023 We at Rathna Producers Cinnamon Exports Pvt Ltd ensure all our products are of your expectations. Therefore, we ensure all quality measures&hellip;<\/p>","protected":false},"author":196,"featured_media":0,"parent":0,"menu_order":0,"comment_status":"closed","ping_status":"closed","template":"elementor_canvas","meta":{"footnotes":""},"class_list":["post-266","page","type-page","status-publish","hentry"],"_links":{"self":[{"href":"https:\/\/www.rathnacinnamon.com\/es\/wp-json\/wp\/v2\/pages\/266","targetHints":{"allow":["GET"]}}],"collection":[{"href":"https:\/\/www.rathnacinnamon.com\/es\/wp-json\/wp\/v2\/pages"}],"about":[{"href":"https:\/\/www.rathnacinnamon.com\/es\/wp-json\/wp\/v2\/types\/page"}],"author":[{"embeddable":true,"href":"https:\/\/www.rathnacinnamon.com\/es\/wp-json\/wp\/v2\/users\/196"}],"replies":[{"embeddable":true,"href":"https:\/\/www.rathnacinnamon.com\/es\/wp-json\/wp\/v2\/comments?post=266"}],"version-history":[{"count":5,"href":"https:\/\/www.rathnacinnamon.com\/es\/wp-json\/wp\/v2\/pages\/266\/revisions"}],"predecessor-version":[{"id":2831,"href":"https:\/\/www.rathnacinnamon.com\/es\/wp-json\/wp\/v2\/pages\/266\/revisions\/2831"}],"wp:attachment":[{"href":"https:\/\/www.rathnacinnamon.com\/es\/wp-json\/wp\/v2\/media?parent=266"}],"curies":[{"name":"wp","href":"https:\/\/api.w.org\/{rel}","templated":true}]}}