{"id":33,"date":"2023-02-17T05:19:08","date_gmt":"2023-02-17T05:19:08","guid":{"rendered":"https:\/\/www.rathnacinnamon.com\/?page_id=33"},"modified":"2023-04-28T04:37:07","modified_gmt":"2023-04-28T04:37:07","slug":"ceylon-cinnamon","status":"publish","type":"page","link":"https:\/\/www.rathnacinnamon.com\/es\/ceylon-cinnamon\/","title":{"rendered":"de Ceil\u00e1n"},"content":{"rendered":"<div data-elementor-type=\"wp-page\" data-elementor-id=\"33\" class=\"elementor elementor-33\">\n\t\t\t\t\t\t<section class=\"has_eae_slider elementor-section elementor-top-section elementor-element elementor-element-41639b7a elementor-section-height-min-height elementor-section-boxed elementor-section-height-default elementor-section-items-middle\" data-eae-slider=\"68635\" data-id=\"41639b7a\" data-element_type=\"section\" data-settings=\"{&quot;background_background&quot;:&quot;classic&quot;}\">\n\t\t\t\t\t\t<div class=\"elementor-container elementor-column-gap-default\">\n\t\t\t\t\t<div class=\"has_eae_slider elementor-column elementor-col-100 elementor-top-column elementor-element elementor-element-443c2c6e\" data-eae-slider=\"63137\" data-id=\"443c2c6e\" data-element_type=\"column\">\n\t\t\t<div class=\"elementor-widget-wrap elementor-element-populated\">\n\t\t\t\t\t\t<div class=\"elementor-element elementor-element-4c8a2ab elementor-widget elementor-widget-spacer\" data-id=\"4c8a2ab\" data-element_type=\"widget\" data-widget_type=\"spacer.default\">\n\t\t\t\t<div class=\"elementor-widget-container\">\n\t\t\t\t\t\t\t<div class=\"elementor-spacer\">\n\t\t\t<div class=\"elementor-spacer-inner\"><\/div>\n\t\t<\/div>\n\t\t\t\t\t\t<\/div>\n\t\t\t\t<\/div>\n\t\t\t\t<div class=\"elementor-element elementor-element-25c33d9a elementor-widget elementor-widget-heading\" data-id=\"25c33d9a\" data-element_type=\"widget\" data-widget_type=\"heading.default\">\n\t\t\t\t<div class=\"elementor-widget-container\">\n\t\t\t\t\t<h1 class=\"elementor-heading-title elementor-size-default\">Ceil\u00e1n<br>\nCanela<\/h1>\t\t\t\t<\/div>\n\t\t\t\t<\/div>\n\t\t\t\t\t<\/div>\n\t\t<\/div>\n\t\t\t\t\t<\/div>\n\t\t<\/section>\n\t\t\t\t<section class=\"has_eae_slider elementor-section elementor-top-section elementor-element elementor-element-bc2fa16 elementor-section-boxed elementor-section-height-default elementor-section-height-default\" data-eae-slider=\"19132\" data-id=\"bc2fa16\" data-element_type=\"section\">\n\t\t\t\t\t\t<div class=\"elementor-container elementor-column-gap-default\">\n\t\t\t\t\t<div class=\"has_eae_slider elementor-column elementor-col-50 elementor-top-column elementor-element elementor-element-459e41d\" data-eae-slider=\"39791\" data-id=\"459e41d\" data-element_type=\"column\">\n\t\t\t<div class=\"elementor-widget-wrap elementor-element-populated\">\n\t\t\t\t\t\t<div class=\"elementor-element elementor-element-ecd83ec elementor-widget elementor-widget-heading\" data-id=\"ecd83ec\" data-element_type=\"widget\" data-widget_type=\"heading.default\">\n\t\t\t\t<div class=\"elementor-widget-container\">\n\t\t\t\t\t<h1 class=\"elementor-heading-title elementor-size-default\">La Historia de la Canela<br>\nde Ceil\u00e1n<\/h1>\t\t\t\t<\/div>\n\t\t\t\t<\/div>\n\t\t\t\t<div class=\"elementor-element elementor-element-5d14341 elementor-widget elementor-widget-text-editor\" data-id=\"5d14341\" data-element_type=\"widget\" data-widget_type=\"text-editor.default\">\n\t\t\t\t<div class=\"elementor-widget-container\">\n\t\t\t\t\t\t\t\t\t<p>Los registros hist\u00f3ricos de la Canela se remontan al antiguo Egipto, en el a\u00f1o 2000 aC. En aquel entonces se consideraba que la canela era un regalo digno de la monarqu\u00eda y la deidad. Una fina inscripci\u00f3n declara que la Canela fue un regalo piadoso presentado al templo de Apolo en Mileto. La canela ha sido una hierba antigua, un conservante y un ingrediente clave en el proceso de momificaci\u00f3n egipcia. Incluso la Santa Biblia alude a Canela en Proverbios 7:17 cuando dice \"He rociado mi cama con mirra, \u00e1loe y canela\".<\/p><p>El origen de esta hierba divina era un misterio y un secreto bien guardado por los antiguos comerciantes \u00e1rabes para mantener el monopolio y justificar su precio exorbitante. Ellos crearon historias sobre la rareza de la canela y la complejidad de obtenerlas. Una de esas historias se alude a un guion del historiador griego Her\u00f3doto. Seg\u00fan la historia, enormes p\u00e1jaros llevaron los palitos de canela a sus nidos en lo alto de las monta\u00f1as, a las que ning\u00fan humano pod\u00eda llegar. La gente dejaba grandes trozos de carne de buey debajo de estos nidos para que las aves los recolectaran. Cuando las aves tra\u00edan la carne al nido, su peso causaba que los nidos cayeran al suelo, por lo que los palitos de canela que estaban en los nidos se pod\u00edan recolectar.<\/p><p>Los europeos buscaban sin cesar el \"pa\u00eds de la canela\", cuando la tradicional \"Ruta de la Canela\" de Indonesia fue obstruida por el aumento de los poderes mediterr\u00e1neos, como los sultanes mamelucos y el Imperio Otomano. Se dec\u00eda que los comerciantes locales de Indonesia que atravesaban la Ruta de la Canela (desde las Molucas hasta el Este de \u00c1frica) intercambiaban Canela en los mercados romanos, creando un monopolio de canela veneciana en Europa.<\/p><p>El honor de descubrir el enigm\u00e1tico pa\u00eds de la canela es para los comerciantes portugueses a principios del siglo XV. El Pa\u00eds de Canela que descubrieron no era otro que Sri Lanka, la peque\u00f1a isla debajo de la punta de la India que los comerciantes \u00e1rabes llamaban Serendib y los europeos conoc\u00edan como Ceil\u00e1n. Durante m\u00e1s de cien a\u00f1os, los portugueses mantuvieron un monopolio en el comercio de canela de Ceil\u00e1n en Europa hasta que los comerciantes holandeses los desalojaron a principios del siglo XVI.<\/p>\t\t\t\t\t\t\t\t<\/div>\n\t\t\t\t<\/div>\n\t\t\t\t\t<\/div>\n\t\t<\/div>\n\t\t\t\t<div class=\"has_eae_slider elementor-column elementor-col-50 elementor-top-column elementor-element elementor-element-ca06e4e\" data-eae-slider=\"48081\" data-id=\"ca06e4e\" data-element_type=\"column\">\n\t\t\t<div class=\"elementor-widget-wrap elementor-element-populated\">\n\t\t\t\t\t\t<section class=\"has_eae_slider elementor-section elementor-inner-section elementor-element elementor-element-daa7f50 elementor-section-boxed elementor-section-height-default elementor-section-height-default\" data-eae-slider=\"65556\" data-id=\"daa7f50\" data-element_type=\"section\">\n\t\t\t\t\t\t<div class=\"elementor-container elementor-column-gap-default\">\n\t\t\t\t\t<div class=\"has_eae_slider elementor-column elementor-col-50 elementor-inner-column elementor-element elementor-element-300effc\" data-eae-slider=\"84325\" data-id=\"300effc\" data-element_type=\"column\" data-settings=\"{&quot;background_background&quot;:&quot;classic&quot;}\">\n\t\t\t<div class=\"elementor-widget-wrap elementor-element-populated\">\n\t\t\t\t\t<div class=\"elementor-background-overlay\"><\/div>\n\t\t\t\t\t\t<div class=\"elementor-element elementor-element-2b4b2274 elementor-widget elementor-widget-spacer\" data-id=\"2b4b2274\" data-element_type=\"widget\" data-widget_type=\"spacer.default\">\n\t\t\t\t<div class=\"elementor-widget-container\">\n\t\t\t\t\t\t\t<div class=\"elementor-spacer\">\n\t\t\t<div class=\"elementor-spacer-inner\"><\/div>\n\t\t<\/div>\n\t\t\t\t\t\t<\/div>\n\t\t\t\t<\/div>\n\t\t\t\t<div class=\"elementor-element elementor-element-567aa928 elementor-widget elementor-widget-heading\" data-id=\"567aa928\" data-element_type=\"widget\" data-widget_type=\"heading.default\">\n\t\t\t\t<div class=\"elementor-widget-container\">\n\t\t\t\t\t<h2 class=\"elementor-heading-title elementor-size-default\">Nuestra<br>\nResponsabilidad<\/h2>\t\t\t\t<\/div>\n\t\t\t\t<\/div>\n\t\t\t\t<div class=\"elementor-element elementor-element-48e33842 elementor-align-left elementor-widget elementor-widget-elementskit-button\" data-id=\"48e33842\" data-element_type=\"widget\" data-widget_type=\"elementskit-button.default\">\n\t\t\t\t<div class=\"elementor-widget-container\">\n\t\t\t\t\t<div class=\"ekit-wid-con\" >\t\t<div class=\"ekit-btn-wraper\">\n\t\t\t\t\t\t\t<a href=\"\/es\/responsibility\/\" class=\"elementskit-btn  whitespace--normal\" id=\"\">\n\t\t\t\t\tLEE MAS \t\t\t\t<\/a>\n\t\t\t\t\t<\/div>\n        <\/div>\t\t\t\t<\/div>\n\t\t\t\t<\/div>\n\t\t\t\t\t<\/div>\n\t\t<\/div>\n\t\t\t\t<div class=\"has_eae_slider elementor-column elementor-col-50 elementor-inner-column elementor-element elementor-element-3ee8909\" data-eae-slider=\"62588\" data-id=\"3ee8909\" data-element_type=\"column\" data-settings=\"{&quot;background_background&quot;:&quot;classic&quot;}\">\n\t\t\t<div class=\"elementor-widget-wrap elementor-element-populated\">\n\t\t\t\t\t<div class=\"elementor-background-overlay\"><\/div>\n\t\t\t\t\t\t<div class=\"elementor-element elementor-element-2703ebc9 elementor-widget elementor-widget-spacer\" data-id=\"2703ebc9\" data-element_type=\"widget\" data-widget_type=\"spacer.default\">\n\t\t\t\t<div class=\"elementor-widget-container\">\n\t\t\t\t\t\t\t<div class=\"elementor-spacer\">\n\t\t\t<div class=\"elementor-spacer-inner\"><\/div>\n\t\t<\/div>\n\t\t\t\t\t\t<\/div>\n\t\t\t\t<\/div>\n\t\t\t\t<div class=\"elementor-element elementor-element-73066a2e elementor-widget elementor-widget-heading\" data-id=\"73066a2e\" data-element_type=\"widget\" data-widget_type=\"heading.default\">\n\t\t\t\t<div class=\"elementor-widget-container\">\n\t\t\t\t\t<h2 class=\"elementor-heading-title elementor-size-default\">Nuestro producto<br>\nDistancia<\/h2>\t\t\t\t<\/div>\n\t\t\t\t<\/div>\n\t\t\t\t<div class=\"elementor-element elementor-element-2788498d elementor-align-left elementor-widget elementor-widget-elementskit-button\" data-id=\"2788498d\" data-element_type=\"widget\" data-widget_type=\"elementskit-button.default\">\n\t\t\t\t<div class=\"elementor-widget-container\">\n\t\t\t\t\t<div class=\"ekit-wid-con\" >\t\t<div class=\"ekit-btn-wraper\">\n\t\t\t\t\t\t\t<a href=\"\/es\/categoria-producto\/retail\/\" class=\"elementskit-btn  whitespace--normal\" id=\"\">\n\t\t\t\t\tRevisalo ahora\t\t\t\t<\/a>\n\t\t\t\t\t<\/div>\n        <\/div>\t\t\t\t<\/div>\n\t\t\t\t<\/div>\n\t\t\t\t\t<\/div>\n\t\t<\/div>\n\t\t\t\t\t<\/div>\n\t\t<\/section>\n\t\t\t\t<section class=\"has_eae_slider elementor-section elementor-inner-section elementor-element elementor-element-cc12436 elementor-section-boxed elementor-section-height-default elementor-section-height-default\" data-eae-slider=\"66110\" data-id=\"cc12436\" data-element_type=\"section\">\n\t\t\t\t\t\t<div class=\"elementor-container elementor-column-gap-default\">\n\t\t\t\t\t<div class=\"has_eae_slider elementor-column elementor-col-100 elementor-inner-column elementor-element elementor-element-980164e\" data-eae-slider=\"28409\" data-id=\"980164e\" data-element_type=\"column\">\n\t\t\t<div class=\"elementor-widget-wrap elementor-element-populated\">\n\t\t\t\t\t\t<div class=\"elementor-element elementor-element-a74e8d3 elementor-widget elementor-widget-text-editor\" data-id=\"a74e8d3\" data-element_type=\"widget\" data-widget_type=\"text-editor.default\">\n\t\t\t\t<div class=\"elementor-widget-container\">\n\t\t\t\t\t\t\t\t\t<p>Una mera corteza, la rama de la Canela ha mantenido al mundo bajo su poder gracias a su fragancia, bondad natural y medicinal, durante m\u00e1s de un milenio. Hoy en d\u00eda, la canela se utiliza en todo el mundo como condimento arom\u00e1tico y como aditivo aromatizante en el arte culinario, para fabricar fragancias y como una poderosa medicina que contiene propiedades curativas.<\/p><p>Hasta la fecha, Sri Lanka sigue siendo el \u00fanico productor de Canela de Ceil\u00e1n pura y verdadera en el mundo, con una antigua sabidur\u00eda sobre el arte de la canela que se transmite a las generaciones.<\/p>\t\t\t\t\t\t\t\t<\/div>\n\t\t\t\t<\/div>\n\t\t\t\t\t<\/div>\n\t\t<\/div>\n\t\t\t\t\t<\/div>\n\t\t<\/section>\n\t\t\t\t\t<\/div>\n\t\t<\/div>\n\t\t\t\t\t<\/div>\n\t\t<\/section>\n\t\t\t\t<\/div>","protected":false},"excerpt":{"rendered":"<p>Ceylon Cinnamon The Tale of Ceylon Cinnamon The historical records of Cinnamon run back to the age of ancient Egypt as early as 2000 BC. Back then Cinnamon was reckoned&hellip;<\/p>","protected":false},"author":196,"featured_media":0,"parent":0,"menu_order":0,"comment_status":"closed","ping_status":"closed","template":"elementor_canvas","meta":{"footnotes":""},"class_list":["post-33","page","type-page","status-publish","hentry"],"_links":{"self":[{"href":"https:\/\/www.rathnacinnamon.com\/es\/wp-json\/wp\/v2\/pages\/33","targetHints":{"allow":["GET"]}}],"collection":[{"href":"https:\/\/www.rathnacinnamon.com\/es\/wp-json\/wp\/v2\/pages"}],"about":[{"href":"https:\/\/www.rathnacinnamon.com\/es\/wp-json\/wp\/v2\/types\/page"}],"author":[{"embeddable":true,"href":"https:\/\/www.rathnacinnamon.com\/es\/wp-json\/wp\/v2\/users\/196"}],"replies":[{"embeddable":true,"href":"https:\/\/www.rathnacinnamon.com\/es\/wp-json\/wp\/v2\/comments?post=33"}],"version-history":[{"count":5,"href":"https:\/\/www.rathnacinnamon.com\/es\/wp-json\/wp\/v2\/pages\/33\/revisions"}],"predecessor-version":[{"id":2869,"href":"https:\/\/www.rathnacinnamon.com\/es\/wp-json\/wp\/v2\/pages\/33\/revisions\/2869"}],"wp:attachment":[{"href":"https:\/\/www.rathnacinnamon.com\/es\/wp-json\/wp\/v2\/media?parent=33"}],"curies":[{"name":"wp","href":"https:\/\/api.w.org\/{rel}","templated":true}]}}