{"id":49,"date":"2023-02-17T05:39:31","date_gmt":"2023-02-17T05:39:31","guid":{"rendered":"https:\/\/www.rathnacinnamon.com\/?page_id=49"},"modified":"2023-03-24T16:34:59","modified_gmt":"2023-03-24T16:34:59","slug":"responsibility","status":"publish","type":"page","link":"https:\/\/www.rathnacinnamon.com\/es\/responsibility\/","title":{"rendered":"Responsabilidad"},"content":{"rendered":"<div data-elementor-type=\"wp-page\" data-elementor-id=\"49\" class=\"elementor elementor-49\">\n\t\t\t\t\t\t<section class=\"has_eae_slider elementor-section elementor-top-section elementor-element elementor-element-79948dad elementor-section-height-min-height elementor-section-boxed elementor-section-height-default elementor-section-items-middle\" data-eae-slider=\"62212\" data-id=\"79948dad\" data-element_type=\"section\" data-settings=\"{&quot;background_background&quot;:&quot;classic&quot;}\">\n\t\t\t\t\t\t<div class=\"elementor-container elementor-column-gap-default\">\n\t\t\t\t\t<div class=\"has_eae_slider elementor-column elementor-col-100 elementor-top-column elementor-element elementor-element-fc18204\" data-eae-slider=\"2907\" data-id=\"fc18204\" data-element_type=\"column\">\n\t\t\t<div class=\"elementor-widget-wrap elementor-element-populated\">\n\t\t\t\t\t\t<div class=\"elementor-element elementor-element-57ae76d9 elementor-widget elementor-widget-spacer\" data-id=\"57ae76d9\" data-element_type=\"widget\" data-widget_type=\"spacer.default\">\n\t\t\t\t<div class=\"elementor-widget-container\">\n\t\t\t\t\t\t\t<div class=\"elementor-spacer\">\n\t\t\t<div class=\"elementor-spacer-inner\"><\/div>\n\t\t<\/div>\n\t\t\t\t\t\t<\/div>\n\t\t\t\t<\/div>\n\t\t\t\t<div class=\"elementor-element elementor-element-6b4a2bbd elementor-widget elementor-widget-heading\" data-id=\"6b4a2bbd\" data-element_type=\"widget\" data-widget_type=\"heading.default\">\n\t\t\t\t<div class=\"elementor-widget-container\">\n\t\t\t\t\t<h1 class=\"elementor-heading-title elementor-size-default\">Contribuci\u00f3n<br> \na la comunidad<\/h1>\t\t\t\t<\/div>\n\t\t\t\t<\/div>\n\t\t\t\t\t<\/div>\n\t\t<\/div>\n\t\t\t\t\t<\/div>\n\t\t<\/section>\n\t\t\t\t<section class=\"has_eae_slider elementor-section elementor-top-section elementor-element elementor-element-b8ff7eb elementor-section-boxed elementor-section-height-default elementor-section-height-default\" data-eae-slider=\"92941\" data-id=\"b8ff7eb\" data-element_type=\"section\">\n\t\t\t\t\t\t<div class=\"elementor-container elementor-column-gap-default\">\n\t\t\t\t\t<div class=\"has_eae_slider elementor-column elementor-col-50 elementor-top-column elementor-element elementor-element-9e27376\" data-eae-slider=\"6645\" data-id=\"9e27376\" data-element_type=\"column\">\n\t\t\t<div class=\"elementor-widget-wrap elementor-element-populated\">\n\t\t\t\t\t\t<div class=\"elementor-element elementor-element-4829f9b elementor-widget elementor-widget-heading\" data-id=\"4829f9b\" data-element_type=\"widget\" data-widget_type=\"heading.default\">\n\t\t\t\t<div class=\"elementor-widget-container\">\n\t\t\t\t\t<h1 class=\"elementor-heading-title elementor-size-default\">Responsabilidad<\/h1>\t\t\t\t<\/div>\n\t\t\t\t<\/div>\n\t\t\t\t<div class=\"elementor-element elementor-element-56bd719 elementor-widget elementor-widget-text-editor\" data-id=\"56bd719\" data-element_type=\"widget\" data-widget_type=\"text-editor.default\">\n\t\t\t\t<div class=\"elementor-widget-container\">\n\t\t\t\t\t\t\t\t\t<p>Como una empresa familiar, firmemente establecida en el pueblo rural de Kamburupitiya en Matara (en el cintur\u00f3n de la Costa Sur de Sri Lanka), hemos podido establecer una conexi\u00f3n profunda con la comunidad en la que trabajamos. Creemos que un negocio exitoso es la suma de esfuerzos de nuestros proveedores, trabajadores, personal, clientes y en el caso de la Canela, tambi\u00e9n del metro ambiente. Estamos comprometidos con la comunidad que nos rodea, a mejorar la calidad de vida de las personas con quienes compartimos nuestras ra\u00edces.<\/p>\t\t\t\t\t\t\t\t<\/div>\n\t\t\t\t<\/div>\n\t\t\t\t\t<\/div>\n\t\t<\/div>\n\t\t\t\t<div class=\"has_eae_slider elementor-column elementor-col-50 elementor-top-column elementor-element elementor-element-bb12270\" data-eae-slider=\"81305\" data-id=\"bb12270\" data-element_type=\"column\">\n\t\t\t<div class=\"elementor-widget-wrap elementor-element-populated\">\n\t\t\t\t\t\t<div class=\"elementor-element elementor-element-98e9df7 elementor-widget elementor-widget-image\" data-id=\"98e9df7\" data-element_type=\"widget\" data-widget_type=\"image.default\">\n\t\t\t\t<div class=\"elementor-widget-container\">\n\t\t\t\t\t\t\t\t\t\t\t\t\t\t\t<img fetchpriority=\"high\" decoding=\"async\" width=\"567\" height=\"339\" src=\"https:\/\/www.rathnacinnamon.com\/wp-content\/uploads\/2023\/02\/csr-01-1.png\" class=\"attachment-full size-full wp-image-512\" alt=\"\" srcset=\"https:\/\/www.rathnacinnamon.com\/wp-content\/uploads\/2023\/02\/csr-01-1.png 567w, https:\/\/www.rathnacinnamon.com\/wp-content\/uploads\/2023\/02\/csr-01-1-416x249.png 416w, https:\/\/www.rathnacinnamon.com\/wp-content\/uploads\/2023\/02\/csr-01-1-300x179.png 300w\" sizes=\"(max-width: 567px) 100vw, 567px\" \/>\t\t\t\t\t\t\t\t\t\t\t\t\t\t\t<\/div>\n\t\t\t\t<\/div>\n\t\t\t\t\t<\/div>\n\t\t<\/div>\n\t\t\t\t\t<\/div>\n\t\t<\/section>\n\t\t\t\t<section class=\"has_eae_slider elementor-section elementor-top-section elementor-element elementor-element-1404766 elementor-section-boxed elementor-section-height-default elementor-section-height-default\" data-eae-slider=\"92360\" data-id=\"1404766\" data-element_type=\"section\">\n\t\t\t\t\t\t<div class=\"elementor-container elementor-column-gap-default\">\n\t\t\t\t\t<div class=\"has_eae_slider elementor-column elementor-col-100 elementor-top-column elementor-element elementor-element-50f24bc\" data-eae-slider=\"23536\" data-id=\"50f24bc\" data-element_type=\"column\">\n\t\t\t<div class=\"elementor-widget-wrap elementor-element-populated\">\n\t\t\t\t\t\t<div class=\"elementor-element elementor-element-f0abba6 elementor-widget elementor-widget-heading\" data-id=\"f0abba6\" data-element_type=\"widget\" data-widget_type=\"heading.default\">\n\t\t\t\t<div class=\"elementor-widget-container\">\n\t\t\t\t\t<h1 class=\"elementor-heading-title elementor-size-default\">Compromisos<\/h1>\t\t\t\t<\/div>\n\t\t\t\t<\/div>\n\t\t\t\t<section class=\"has_eae_slider elementor-section elementor-inner-section elementor-element elementor-element-f113d17 elementor-section-boxed elementor-section-height-default elementor-section-height-default\" data-eae-slider=\"13544\" data-id=\"f113d17\" data-element_type=\"section\">\n\t\t\t\t\t\t<div class=\"elementor-container elementor-column-gap-default\">\n\t\t\t\t\t<div class=\"has_eae_slider elementor-column elementor-col-33 elementor-inner-column elementor-element elementor-element-bbeae53\" data-eae-slider=\"90986\" data-id=\"bbeae53\" data-element_type=\"column\">\n\t\t\t<div class=\"elementor-widget-wrap elementor-element-populated\">\n\t\t\t\t\t\t<div class=\"elementor-element elementor-element-5cedaa5 pp-info-box-top elementor-widget elementor-widget-pp-info-box\" data-id=\"5cedaa5\" data-element_type=\"widget\" data-widget_type=\"pp-info-box.default\">\n\t\t\t\t<div class=\"elementor-widget-container\">\n\t\t\t\t\t\t\t<div class=\"pp-info-box-container\">\n\t\t\t<div class=\"pp-info-box\">\n\t\t\t\t\t\t\t\t\t<div class=\"pp-info-box-icon-wrap\">\n\t\t\t\t\t\t\t\t\t\t\t\t\t\t<span class=\"pp-info-box-icon pp-icon\">\n\t\t\t<img decoding=\"async\" width=\"340\" height=\"157\" src=\"https:\/\/www.rathnacinnamon.com\/wp-content\/uploads\/2023\/02\/csr-box-01.png\" class=\"attachment-full size-full wp-image-513\" alt=\"\" srcset=\"https:\/\/www.rathnacinnamon.com\/wp-content\/uploads\/2023\/02\/csr-box-01.png 340w, https:\/\/www.rathnacinnamon.com\/wp-content\/uploads\/2023\/02\/csr-box-01-300x139.png 300w\" sizes=\"(max-width: 340px) 100vw, 340px\" \/>\t\t<\/span>\n\t\t\t\t\t\t\t\t\t\t\t\t\t<\/div>\n\t\t\t\t\t\t\t\t<div class=\"pp-info-box-content\">\n\t\t\t\t\t<div class=\"pp-info-box-title-wrap\">\n\t\t\t\t\t\t\t\t\t\t\t\t\t<div class=\"pp-info-box-title-container\">\n\t\t\t\t\t\t\t\t<h4 class=\"pp-info-box-title\">\n\t\t\t\t\t\t\t\t\tNuestro Compromiso con el Medio Ambiente\t\t\t\t\t\t\t\t<\/h4>\n\t\t\t\t\t\t\t<\/div>\n\t\t\t\t\t\t\t\t\t\t\t\t<\/div>\n\n\t\t\t\t\t\n\t\t\t\t\t\t\t\t\t\t\t<div class=\"pp-info-box-description\">\n\t\t\t\t\t\t\t<p>Creemos en generar un ambiente saludable a nuestro alrededor para producir las especias m\u00e1s saludables y naturales. Como una empresa certificada contra la contaminaci\u00f3n, nuestros campos est\u00e1n libres de qu\u00edmicos ya que utilizamos t\u00e9cnicas de limpieza manual, fertilizantes org\u00e1nicos y fabricaci\u00f3n de compost en el sitio para garantizar que nuestros productos sean saludables.<\/p>\t\t\t\t\t\t<\/div>\n\t\t\t\t\t\t\t\t\t\t\t\t\t\t<\/div>\n\t\t\t<\/div>\n\t\t<\/div>\n\t\t\t\t\t\t<\/div>\n\t\t\t\t<\/div>\n\t\t\t\t\t<\/div>\n\t\t<\/div>\n\t\t\t\t<div class=\"has_eae_slider elementor-column elementor-col-33 elementor-inner-column elementor-element elementor-element-6998758\" data-eae-slider=\"77297\" data-id=\"6998758\" data-element_type=\"column\">\n\t\t\t<div class=\"elementor-widget-wrap elementor-element-populated\">\n\t\t\t\t\t\t<div class=\"elementor-element elementor-element-785671e pp-info-box-top elementor-widget elementor-widget-pp-info-box\" data-id=\"785671e\" data-element_type=\"widget\" data-widget_type=\"pp-info-box.default\">\n\t\t\t\t<div class=\"elementor-widget-container\">\n\t\t\t\t\t\t\t<div class=\"pp-info-box-container\">\n\t\t\t<div class=\"pp-info-box\">\n\t\t\t\t\t\t\t\t\t<div class=\"pp-info-box-icon-wrap\">\n\t\t\t\t\t\t\t\t\t\t\t\t\t\t<span class=\"pp-info-box-icon pp-icon\">\n\t\t\t<img decoding=\"async\" width=\"340\" height=\"157\" src=\"https:\/\/www.rathnacinnamon.com\/wp-content\/uploads\/2023\/02\/csr-box-02.png\" class=\"attachment-full size-full wp-image-514\" alt=\"\" srcset=\"https:\/\/www.rathnacinnamon.com\/wp-content\/uploads\/2023\/02\/csr-box-02.png 340w, https:\/\/www.rathnacinnamon.com\/wp-content\/uploads\/2023\/02\/csr-box-02-300x139.png 300w\" sizes=\"(max-width: 340px) 100vw, 340px\" \/>\t\t<\/span>\n\t\t\t\t\t\t\t\t\t\t\t\t\t<\/div>\n\t\t\t\t\t\t\t\t<div class=\"pp-info-box-content\">\n\t\t\t\t\t<div class=\"pp-info-box-title-wrap\">\n\t\t\t\t\t\t\t\t\t\t\t\t\t<div class=\"pp-info-box-title-container\">\n\t\t\t\t\t\t\t\t<h4 class=\"pp-info-box-title\">\n\t\t\t\t\t\t\t\t\tManejo de Residuos en Rathna\t\t\t\t\t\t\t\t<\/h4>\n\t\t\t\t\t\t\t<\/div>\n\t\t\t\t\t\t\t\t\t\t\t\t<\/div>\n\n\t\t\t\t\t\n\t\t\t\t\t\t\t\t\t\t\t<div class=\"pp-info-box-description\">\n\t\t\t\t\t\t\t<p>Creemos que la canela m\u00e1s pura es la que proviene de la naturaleza m\u00e1s pura. Por lo tanto, nos aseguramos que los residuos generados por nuestro proceso de producci\u00f3n se manejen en un sistema respetuoso con el medio ambiente. Nuestros residuos s\u00f3lidos se recolectan y se separan para entregar a las agencias encargadas del gobierno para su reciclaje, mientras que parte de los residuos se purifica y se reutiliza. Aseguramos la reutilizaci\u00f3n de las aguas residuales mediante un filtrado y almacenamiento en tanques.<\/p>\t\t\t\t\t\t<\/div>\n\t\t\t\t\t\t\t\t\t\t\t\t\t\t<\/div>\n\t\t\t<\/div>\n\t\t<\/div>\n\t\t\t\t\t\t<\/div>\n\t\t\t\t<\/div>\n\t\t\t\t\t<\/div>\n\t\t<\/div>\n\t\t\t\t<div class=\"has_eae_slider elementor-column elementor-col-33 elementor-inner-column elementor-element elementor-element-fea9541\" data-eae-slider=\"70455\" data-id=\"fea9541\" data-element_type=\"column\">\n\t\t\t<div class=\"elementor-widget-wrap elementor-element-populated\">\n\t\t\t\t\t\t<div class=\"elementor-element elementor-element-bcad04f farmers-commu pp-info-box-top elementor-widget elementor-widget-pp-info-box\" data-id=\"bcad04f\" data-element_type=\"widget\" data-widget_type=\"pp-info-box.default\">\n\t\t\t\t<div class=\"elementor-widget-container\">\n\t\t\t\t\t\t\t<div class=\"pp-info-box-container\">\n\t\t\t<div class=\"pp-info-box\">\n\t\t\t\t\t\t\t\t\t<div class=\"pp-info-box-icon-wrap\">\n\t\t\t\t\t\t\t\t\t\t\t\t\t\t<span class=\"pp-info-box-icon pp-icon\">\n\t\t\t<img loading=\"lazy\" decoding=\"async\" width=\"340\" height=\"157\" src=\"https:\/\/www.rathnacinnamon.com\/wp-content\/uploads\/2023\/02\/csr-box-03.png\" class=\"attachment-full size-full wp-image-515\" alt=\"\" srcset=\"https:\/\/www.rathnacinnamon.com\/wp-content\/uploads\/2023\/02\/csr-box-03.png 340w, https:\/\/www.rathnacinnamon.com\/wp-content\/uploads\/2023\/02\/csr-box-03-300x139.png 300w\" sizes=\"(max-width: 340px) 100vw, 340px\" \/>\t\t<\/span>\n\t\t\t\t\t\t\t\t\t\t\t\t\t<\/div>\n\t\t\t\t\t\t\t\t<div class=\"pp-info-box-content\">\n\t\t\t\t\t<div class=\"pp-info-box-title-wrap\">\n\t\t\t\t\t\t\t\t\t\t\t\t\t<div class=\"pp-info-box-title-container\">\n\t\t\t\t\t\t\t\t<h4 class=\"pp-info-box-title\">\n\t\t\t\t\t\t\t\t\tNuestro Compromiso con los Agricultores\t\t\t\t\t\t\t\t<\/h4>\n\t\t\t\t\t\t\t<\/div>\n\t\t\t\t\t\t\t\t\t\t\t\t<\/div>\n\n\t\t\t\t\t\n\t\t\t\t\t\t\t\t\t\t\t<div class=\"pp-info-box-description\">\n\t\t\t\t\t\t\t<p>As a result of engaging with our community for more than three decades, we have a deep understanding of the day to day difficulties faced by our farmers. We believe that the quality of life of those who grow is quintessential to the quality of the products which they supply to us. Therefore we ensure that their lives are supported by our special welfare funds which are dedicated,<\/p><ul><li>Ayudamos a los agricultores a construir sus granjas y la vida en comunidad<\/li><li>Construimos casas para los necesitados<\/li><li>Facilitamos pr\u00e9stamos sin intereses<\/li><li>Brindamos asistencia financiera en situaciones de emergencia<\/li><li>Mejoramos su vida espiritual a trav\u00e9s de la asistencia a monasterios y templos en el \u00e1rea<\/li><li>Fortalecemos sus conocimientos a trav\u00e9s de talleres FOC sobre comidas y bebidas y reuniones de intercambio de conocimientos<br \/><br \/><\/li><\/ul><p>Nuestros esfuerzos para contribuir a la vida de los agricultores han sido apreciados y premiados con el Premio a la Excelencia de Singapur.<\/p>\t\t\t\t\t\t<\/div>\n\t\t\t\t\t\t\t\t\t\t\t\t\t\t<\/div>\n\t\t\t<\/div>\n\t\t<\/div>\n\t\t\t\t\t\t<\/div>\n\t\t\t\t<\/div>\n\t\t\t\t\t<\/div>\n\t\t<\/div>\n\t\t\t\t\t<\/div>\n\t\t<\/section>\n\t\t\t\t\t<\/div>\n\t\t<\/div>\n\t\t\t\t\t<\/div>\n\t\t<\/section>\n\t\t\t\t<\/div>","protected":false},"excerpt":{"rendered":"<p>Contribution Towards Community Responsibility As a family run operation, firmly established in the rural Kamburupitiya village in Matara (in the Southern Coastal Belt of Sri Lanka), we have been able&hellip;<\/p>","protected":false},"author":196,"featured_media":0,"parent":0,"menu_order":0,"comment_status":"closed","ping_status":"closed","template":"elementor_canvas","meta":{"footnotes":""},"class_list":["post-49","page","type-page","status-publish","hentry"],"_links":{"self":[{"href":"https:\/\/www.rathnacinnamon.com\/es\/wp-json\/wp\/v2\/pages\/49","targetHints":{"allow":["GET"]}}],"collection":[{"href":"https:\/\/www.rathnacinnamon.com\/es\/wp-json\/wp\/v2\/pages"}],"about":[{"href":"https:\/\/www.rathnacinnamon.com\/es\/wp-json\/wp\/v2\/types\/page"}],"author":[{"embeddable":true,"href":"https:\/\/www.rathnacinnamon.com\/es\/wp-json\/wp\/v2\/users\/196"}],"replies":[{"embeddable":true,"href":"https:\/\/www.rathnacinnamon.com\/es\/wp-json\/wp\/v2\/comments?post=49"}],"version-history":[{"count":5,"href":"https:\/\/www.rathnacinnamon.com\/es\/wp-json\/wp\/v2\/pages\/49\/revisions"}],"predecessor-version":[{"id":2026,"href":"https:\/\/www.rathnacinnamon.com\/es\/wp-json\/wp\/v2\/pages\/49\/revisions\/2026"}],"wp:attachment":[{"href":"https:\/\/www.rathnacinnamon.com\/es\/wp-json\/wp\/v2\/media?parent=49"}],"curies":[{"name":"wp","href":"https:\/\/api.w.org\/{rel}","templated":true}]}}