{"id":703,"date":"2023-02-19T06:30:21","date_gmt":"2023-02-19T06:30:21","guid":{"rendered":"https:\/\/www.rathnacinnamon.com\/?page_id=703"},"modified":"2023-04-12T12:14:51","modified_gmt":"2023-04-12T12:14:51","slug":"privacy-policy","status":"publish","type":"page","link":"https:\/\/www.rathnacinnamon.com\/es\/privacy-policy\/","title":{"rendered":"Pol\u00edtica de Privacidad"},"content":{"rendered":"<div data-elementor-type=\"wp-page\" data-elementor-id=\"703\" class=\"elementor elementor-703\">\n\t\t\t\t\t\t<section class=\"has_eae_slider elementor-section elementor-top-section elementor-element elementor-element-ad746e2 elementor-section-boxed elementor-section-height-default elementor-section-height-default\" data-eae-slider=\"3725\" data-id=\"ad746e2\" data-element_type=\"section\">\n\t\t\t\t\t\t<div class=\"elementor-container elementor-column-gap-default\">\n\t\t\t\t\t<div class=\"has_eae_slider elementor-column elementor-col-100 elementor-top-column elementor-element elementor-element-a347bd5\" data-eae-slider=\"50399\" data-id=\"a347bd5\" data-element_type=\"column\">\n\t\t\t<div class=\"elementor-widget-wrap elementor-element-populated\">\n\t\t\t\t\t\t<div class=\"elementor-element elementor-element-9f7d66a elementor-widget elementor-widget-heading\" data-id=\"9f7d66a\" data-element_type=\"widget\" data-widget_type=\"heading.default\">\n\t\t\t\t<div class=\"elementor-widget-container\">\n\t\t\t\t\t<h2 class=\"elementor-heading-title elementor-size-default\">Pol\u00edtica de Privacidad<\/h2>\t\t\t\t<\/div>\n\t\t\t\t<\/div>\n\t\t\t\t\t<\/div>\n\t\t<\/div>\n\t\t\t\t\t<\/div>\n\t\t<\/section>\n\t\t\t\t<section class=\"has_eae_slider elementor-section elementor-top-section elementor-element elementor-element-35890b7 elementor-section-boxed elementor-section-height-default elementor-section-height-default\" data-eae-slider=\"6019\" data-id=\"35890b7\" data-element_type=\"section\">\n\t\t\t\t\t\t<div class=\"elementor-container elementor-column-gap-default\">\n\t\t\t\t\t<div class=\"has_eae_slider elementor-column elementor-col-100 elementor-top-column elementor-element elementor-element-64e796a\" data-eae-slider=\"67818\" data-id=\"64e796a\" data-element_type=\"column\">\n\t\t\t<div class=\"elementor-widget-wrap elementor-element-populated\">\n\t\t\t\t\t\t<div class=\"elementor-element elementor-element-30c0ae0 txt-para elementor-widget elementor-widget-text-editor\" data-id=\"30c0ae0\" data-element_type=\"widget\" data-widget_type=\"text-editor.default\">\n\t\t\t\t<div class=\"elementor-widget-container\">\n\t\t\t\t\t\t\t\t\t<p>\u00daltima actualizaci\u00f3n: 12 de abril de 2023<\/p><h4><span lang=\"EN-US\">Pol\u00edtica de privacidad para Rathna Producers Cinnamon Exports Pvt Ltd<\/span><\/h4><p>EnRathna Producers Cinnamon Exports Pvt Ltd, accesible desde <a href=\"http:\/\/www.rathnacinnamon.com\/es\/\">www.rathnacinnamon.com <\/a>, una de nuestras principales prioridades es la privacidad de nuestros visitantes. Este documento de Pol\u00edtica de privacidad contiene tipos de informaci\u00f3n que Rathna Cinnamon recopila y registra y c\u00f3mo la usamos.<\/p><p>Si tienes preguntas adicionales o requieres m\u00e1s informaci\u00f3n sobre nuestra Pol\u00edtica de Privacidad, no dudes en contactarnos.<\/p><p>Esta Pol\u00edtica de privacidad se aplica solo a nuestras actividades en l\u00ednea y es v\u00e1lida para los visitantes de nuestro sitio web con respecto a la informaci\u00f3n que compartieron y\/o recopilaron en Ceylon Cinnamon. Esta pol\u00edtica no se aplica a ninguna informaci\u00f3n recopilada fuera de l\u00ednea o a trav\u00e9s de canales que no sean este sitio web.<\/p><h5><span lang=\"EN-US\" style=\"color: #535252;\">Consentir<\/span><\/h5><p>Al utilizar nuestro sitio web, usted acepta nuestra Pol\u00edtica de privacidad y acepta sus t\u00e9rminos.<\/p><h4><span lang=\"EN-US\">Informaci\u00f3n que recopilamos<\/span><\/h4><p>La informaci\u00f3n personal que se le solicita que proporcione, y las razones por las que se le solicita que la proporcione, se le aclarar\u00e1n en el momento en que le solicitemos que proporcione su informaci\u00f3n personal.<\/p><p>Si se comunica con nosotros directamente, podemos recibir informaci\u00f3n adicional sobre usted, como su nombre, direcci\u00f3n de correo electr\u00f3nico, n\u00famero de tel\u00e9fono, el contenido del mensaje y\/o los archivos adjuntos que nos env\u00ede, y cualquier otra informaci\u00f3n que elija proporcionar.<\/p><p>Cuando se registra para una Cuenta, podemos solicitar su informaci\u00f3n de contacto, incluidos elementos como el nombre, el nombre de la empresa, la direcci\u00f3n, la direcci\u00f3n de correo electr\u00f3nico y el n\u00famero de tel\u00e9fono.<\/p><h4><span lang=\"EN-US\">C\u00f3mo usamos su informaci\u00f3n<\/span><\/h4><p>Usamos la informaci\u00f3n que recopilamos de varias maneras, incluso para:<\/p><ul><li><p>Proporcionar, operar y mantener nuestro sitio web<\/p><\/li><li><p>Mejorar, personalizar y expandir nuestro sitio web<\/p><\/li><li><p>Comprender y analizar c\u00f3mo utiliza nuestro sitio web<\/p><\/li><li><p>Desarrollar nuevos productos, servicios, caracter\u00edsticas y funcionalidades.<\/p><\/li><li><p>Comunicarnos con usted, ya sea directamente o a trav\u00e9s de uno de nuestros socios, incluido el servicio de atenci\u00f3n al cliente, para brindarle actualizaciones y otra informaci\u00f3n relacionada con el sitio web, y con fines promocionales y de marketing.<\/p><\/li><li><p>Enviarle correos electr\u00f3nicos<\/p><\/li><li><p>Encuentre y prevenga el fraude<\/p><\/li><\/ul><h4><span lang=\"EN-US\">Informaci\u00f3n para ni\u00f1os<\/span><\/h4><p>Otra parte de nuestra prioridad es agregar protecci\u00f3n para los ni\u00f1os mientras usan Internet. Alentamos a los padres y tutores a observar, participar y\/o monitorear y guiar su actividad en l\u00ednea.<\/p><p>Canela Rathnano recopila a sabiendas ninguna informaci\u00f3n de identificaci\u00f3n personal de ni\u00f1os menores de 13 a\u00f1os. Si cree que su hijo proporcion\u00f3 este tipo de informaci\u00f3n en nuestro sitio web, le recomendamos encarecidamente que se comunique con nosotros de inmediato y haremos todo lo posible para eliminar dicha informaci\u00f3n de inmediato. informaci\u00f3n de nuestros registros.<\/p>\t\t\t\t\t\t\t\t<\/div>\n\t\t\t\t<\/div>\n\t\t\t\t\t<\/div>\n\t\t<\/div>\n\t\t\t\t\t<\/div>\n\t\t<\/section>\n\t\t\t\t<\/div>","protected":false},"excerpt":{"rendered":"<p>Privacy Policy Last updated: April 12, 2023 Privacy Policy for Rathna Producers Cinnamon Exports Pvt Ltd At Rathna Producers Cinnamon Exports Pvt Ltd, accessible from www.rathnacinnamon.com , one of our&hellip;<\/p>","protected":false},"author":196,"featured_media":0,"parent":0,"menu_order":0,"comment_status":"closed","ping_status":"closed","template":"elementor_canvas","meta":{"footnotes":""},"class_list":["post-703","page","type-page","status-publish","hentry"],"_links":{"self":[{"href":"https:\/\/www.rathnacinnamon.com\/es\/wp-json\/wp\/v2\/pages\/703","targetHints":{"allow":["GET"]}}],"collection":[{"href":"https:\/\/www.rathnacinnamon.com\/es\/wp-json\/wp\/v2\/pages"}],"about":[{"href":"https:\/\/www.rathnacinnamon.com\/es\/wp-json\/wp\/v2\/types\/page"}],"author":[{"embeddable":true,"href":"https:\/\/www.rathnacinnamon.com\/es\/wp-json\/wp\/v2\/users\/196"}],"replies":[{"embeddable":true,"href":"https:\/\/www.rathnacinnamon.com\/es\/wp-json\/wp\/v2\/comments?post=703"}],"version-history":[{"count":5,"href":"https:\/\/www.rathnacinnamon.com\/es\/wp-json\/wp\/v2\/pages\/703\/revisions"}],"predecessor-version":[{"id":2834,"href":"https:\/\/www.rathnacinnamon.com\/es\/wp-json\/wp\/v2\/pages\/703\/revisions\/2834"}],"wp:attachment":[{"href":"https:\/\/www.rathnacinnamon.com\/es\/wp-json\/wp\/v2\/media?parent=703"}],"curies":[{"name":"wp","href":"https:\/\/api.w.org\/{rel}","templated":true}]}}