{"id":706,"date":"2023-02-19T06:31:25","date_gmt":"2023-02-19T06:31:25","guid":{"rendered":"https:\/\/www.rathnacinnamon.com\/?page_id=706"},"modified":"2023-03-28T17:14:30","modified_gmt":"2023-03-28T17:14:30","slug":"terms-and-conditions","status":"publish","type":"page","link":"https:\/\/www.rathnacinnamon.com\/es\/terms-and-conditions\/","title":{"rendered":"T\u00e9rminos y Condiciones"},"content":{"rendered":"<div data-elementor-type=\"wp-page\" data-elementor-id=\"706\" class=\"elementor elementor-706\">\n\t\t\t\t\t\t<section class=\"has_eae_slider elementor-section elementor-top-section elementor-element elementor-element-ad746e2 elementor-section-boxed elementor-section-height-default elementor-section-height-default\" data-eae-slider=\"22174\" data-id=\"ad746e2\" data-element_type=\"section\">\n\t\t\t\t\t\t<div class=\"elementor-container elementor-column-gap-default\">\n\t\t\t\t\t<div class=\"has_eae_slider elementor-column elementor-col-100 elementor-top-column elementor-element elementor-element-a347bd5\" data-eae-slider=\"64153\" data-id=\"a347bd5\" data-element_type=\"column\">\n\t\t\t<div class=\"elementor-widget-wrap elementor-element-populated\">\n\t\t\t\t\t\t<div class=\"elementor-element elementor-element-9f7d66a elementor-widget elementor-widget-heading\" data-id=\"9f7d66a\" data-element_type=\"widget\" data-widget_type=\"heading.default\">\n\t\t\t\t<div class=\"elementor-widget-container\">\n\t\t\t\t\t<h5 class=\"elementor-heading-title elementor-size-default\">T\u00e9rminos y Condiciones<\/h5>\t\t\t\t<\/div>\n\t\t\t\t<\/div>\n\t\t\t\t\t<\/div>\n\t\t<\/div>\n\t\t\t\t\t<\/div>\n\t\t<\/section>\n\t\t\t\t<section class=\"has_eae_slider elementor-section elementor-top-section elementor-element elementor-element-9a9ca22 elementor-section-boxed elementor-section-height-default elementor-section-height-default\" data-eae-slider=\"31466\" data-id=\"9a9ca22\" data-element_type=\"section\">\n\t\t\t\t\t\t<div class=\"elementor-container elementor-column-gap-default\">\n\t\t\t\t\t<div class=\"has_eae_slider elementor-column elementor-col-100 elementor-top-column elementor-element elementor-element-25f9507\" data-eae-slider=\"2520\" data-id=\"25f9507\" data-element_type=\"column\">\n\t\t\t<div class=\"elementor-widget-wrap elementor-element-populated\">\n\t\t\t\t\t\t<div class=\"elementor-element elementor-element-5d41d98 txt-para elementor-widget elementor-widget-text-editor\" data-id=\"5d41d98\" data-element_type=\"widget\" data-widget_type=\"text-editor.default\">\n\t\t\t\t<div class=\"elementor-widget-container\">\n\t\t\t\t\t\t\t\t\t<p>\u00a1Bienvenido a Rathna Canela!<\/p><p>Estos t\u00e9rminos y condiciones describen las reglas y regulaciones para el uso del sitio web de Rathna Producers Cinnamon Exports (Pvt) Ltd, ubicado en https:\/\/www.rathnacinnamon.com.<\/p><p>Al acceder a este sitio web, asumimos que acepta estos t\u00e9rminos y condiciones. No contin\u00fae usando Rathna Cinnamon si no est\u00e1 de acuerdo con todos los t\u00e9rminos y condiciones establecidos en esta p\u00e1gina.<\/p><h4><strong>Galletas:<\/strong><\/h4><p>El sitio web utiliza cookies para ayudar a personalizar su experiencia en l\u00ednea. Al acceder a Rathna Cinnamon, aceptaste usar las cookies requeridas.<\/p><p>Una cookie es un archivo de texto que un servidor de p\u00e1ginas web coloca en su disco duro. Las cookies no se pueden utilizar para ejecutar programas o enviar virus a su computadora. Las cookies se le asignan de forma \u00fanica y solo puede leerlas un servidor web en el dominio que le emiti\u00f3 la cookie.<\/p><p>Podemos usar cookies para recopilar, almacenar y rastrear informaci\u00f3n con fines estad\u00edsticos o de marketing para operar nuestro sitio web. Tiene la capacidad de aceptar o rechazar cookies opcionales. Hay algunas cookies requeridas que son necesarias para el funcionamiento de nuestro sitio web. Estas cookies no requieren su consentimiento ya que siempre funcionan. Tenga en cuenta que al aceptar las Cookies requeridas, tambi\u00e9n acepta las Cookies de terceros, que pueden usarse a trav\u00e9s de servicios proporcionados por terceros si utiliza dichos servicios en nuestro sitio web, por ejemplo, una ventana de visualizaci\u00f3n de video proporcionada por terceros e integrada. en nuestro sitio web.<\/p><h4><strong>Licencia:<\/strong><\/h4><p>A menos que se indique lo contrario, Rathna Producers Cinnamon Exports (Pvt) Ltd y\/o sus licenciantes poseen los derechos de propiedad intelectual de todo el material de Rathna Cinnamon. Todos los derechos de propiedad intelectual est\u00e1n reservados. Puede acceder a esto desde Rathna Cinnamon para su uso personal sujeto a las restricciones establecidas en estos t\u00e9rminos y condiciones.<\/p><p>No debes:<\/p><ul><li>Copie o vuelva a publicar material de Rathna Cinnamon<\/li><li>Vender, alquilar o sublicenciar material de Rathna Cinnamon<\/li><li>Reproducir, duplicar o copiar material de Rathna Cinnamon<\/li><li>Redistribuir contenido de Rathna Cinnamon<br \/><br \/><\/li><\/ul><p>Este Acuerdo comenzar\u00e1 en la fecha del mismo.<\/p><p>Partes de este sitio web ofrecen a los usuarios la oportunidad de publicar e intercambiar opiniones e informaci\u00f3n en ciertas \u00e1reas del sitio web. Rathna Producers Cinnamon Exports (Pvt) Ltd no filtra, edita, publica ni revisa los comentarios antes de su presencia en el sitio web. Los comentarios no reflejan los puntos de vista ni las opiniones de Rathna Producers Cinnamon Exports (Pvt) Ltd, sus agentes y\/o afiliados. Los comentarios reflejan los puntos de vista y las opiniones de la persona que publica sus puntos de vista y opiniones. En la medida permitida por las leyes aplicables, Rathna Producers Cinnamon Exports (Pvt) Ltd no ser\u00e1 responsable de los Comentarios ni de ninguna obligaci\u00f3n, da\u00f1o o gasto causado y\/o sufrido como resultado de cualquier uso y\/o publicaci\u00f3n de y\/ o aparici\u00f3n de los Comentarios en este sitio web.<\/p><p>Rathna Producers Cinnamon Exports (Pvt) Ltd se reserva el derecho de monitorear todos los Comentarios y eliminar cualquier Comentario que pueda considerarse inapropiado, ofensivo o que cause el incumplimiento de estos T\u00e9rminos y Condiciones.<\/p><p>Usted garantiza y declara que:<\/p><ul><li>Tiene derecho a publicar los Comentarios en nuestro sitio web y tiene todas las licencias y consentimientos necesarios para hacerlo;<\/li><li>Los Comentarios no invaden ning\u00fan derecho de propiedad intelectual, incluidos, entre otros, derechos de autor, patentes o marcas registradas de terceros;<\/li><li>Los Comentarios no contienen ning\u00fan material difamatorio, calumnioso, ofensivo, indecente o ilegal de otro modo, que es una invasi\u00f3n de la privacidad.<\/li><li>Los Comentarios no se utilizar\u00e1n para solicitar o promover negocios o costumbres o presentar actividades comerciales o actividades ilegales.<br \/><br \/><\/li><\/ul><p>Por la presente, otorga a Rathna Producers Cinnamon Exports (Pvt) Ltd una licencia no exclusiva para usar, reproducir, editar y autorizar a otros a usar, reproducir y editar cualquiera de sus Comentarios en cualquiera y todas las formas, formatos o medios.<\/p><h4><strong>Hiperv\u00ednculos a nuestro Contenido:<\/strong><\/h4><p>Las siguientes organizaciones pueden vincular a nuestro sitio web sin aprobaci\u00f3n previa por escrito:<\/p><ul><li>Agencias gubernamentales;<\/li><li>Los motores de b\u00fasqueda;<\/li><li>Organizaciones de noticias;<\/li><li>Los distribuidores de directorios en l\u00ednea pueden vincularse a nuestro sitio web de la misma manera que vinculan a los sitios web de otras empresas enumeradas; y<\/li><li>Empresas acreditadas en todo el sistema, excepto las que solicitan organizaciones sin fines de lucro, centros comerciales de caridad y grupos de recaudaci\u00f3n de fondos de caridad que no pueden tener hiperv\u00ednculos a nuestro sitio web.<br \/><br \/><\/li><\/ul><p>Estas organizaciones pueden vincular a nuestra p\u00e1gina de inicio, publicaciones u otra informaci\u00f3n del sitio web siempre que el enlace: (a) no sea enga\u00f1oso de ninguna manera; (b) no implica falsamente patrocinio, respaldo o aprobaci\u00f3n de la parte vinculada y sus productos y\/o servicios; y (c) encaja dentro del contexto del sitio de la parte que vincula.<\/p><p>Podemos considerar y aprobar otras solicitudes de enlace de los siguientes tipos de organizaciones:<\/p><ul><li>fuentes de informaci\u00f3n comercial y\/o de consumo com\u00fanmente conocidas;<\/li><li>sitios de la comunidad dot.com;<\/li><li>asociaciones u otros grupos que representen organizaciones ben\u00e9ficas;<\/li><li>distribuidores de directorios en l\u00ednea;<\/li><li>portales de internet;<\/li><li>empresas de contabilidad, derecho y consultor\u00eda; y<\/li><li>instituciones educativas y asociaciones comerciales.<br \/><br \/><\/li><\/ul><p>Aprobaremos las solicitudes de enlace de estas organizaciones si decidimos que: (a) el enlace no nos har\u00eda mirar desfavorablemente a nosotros mismos oa nuestros negocios acreditados; (b) la organizaci\u00f3n no tiene registros negativos con nosotros; (c) el beneficio para nosotros de la visibilidad del hiperv\u00ednculo compensa la ausencia de Rathna Producers Cinnamon Exports (Pvt) Ltd; y (d) el enlace est\u00e1 en el contexto de informaci\u00f3n general de recursos.<\/p><p>Estas organizaciones pueden vincular a nuestra p\u00e1gina de inicio siempre que el enlace: (a) no sea enga\u00f1oso de ninguna manera; (b) no implica falsamente patrocinio, respaldo o aprobaci\u00f3n de la parte vinculada y sus productos o servicios; y (c) encaja dentro del contexto del sitio de la parte que vincula.<\/p><p>Si usted es una de las organizaciones enumeradas en el p\u00e1rrafo 2 anterior y est\u00e1 interesado en vincular a nuestro sitio web, debe informarnos enviando un correo electr\u00f3nico a Rathna Producers Cinnamon Exports (Pvt) Ltd. Incluya su nombre, el nombre de su organizaci\u00f3n, informaci\u00f3n de contacto, as\u00ed como la URL de su sitio, una lista de las URL desde las que desea vincular a nuestro sitio web y una lista de las URL de nuestro sitio a las que desea vincular. Espere 2-3 semanas para una respuesta.<\/p><p>Las organizaciones aprobadas pueden tener hiperv\u00ednculos a nuestro sitio web de la siguiente manera:<\/p><ul><li>Mediante el uso de nuestro nombre corporativo; o<\/li><li>Mediante el uso del localizador uniforme de recursos al que se vincula; o<\/li><li>Usar cualquier otra descripci\u00f3n de nuestro sitio web al que se vincula que tenga sentido dentro del contexto y el formato del contenido en el sitio de la parte vinculada.<\/li><\/ul><p>No se permitir\u00e1 el uso del logotipo de Rathna Producers Cinnamon Exports (Pvt) Ltd u otra obra de arte para vincular en ausencia de un acuerdo de licencia de marca registrada.<\/p><h4><strong>Responsabilidad por el contenido:<\/strong><\/h4><p>No seremos responsables de ning\u00fan contenido que aparezca en su sitio web. Usted acepta protegernos y defendernos contra todos los reclamos que se presenten en su sitio web. Ning\u00fan enlace debe aparecer en ning\u00fan sitio web que pueda interpretarse como calumnioso, obsceno o criminal, o que infrinja, de otro modo viole o promueva la infracci\u00f3n u otra violaci\u00f3n de los derechos de terceros.<\/p><h4><strong>Reserva de Derechos:<\/strong><\/h4><p>Nos reservamos el derecho de solicitarle que elimine todos los enlaces o cualquier enlace particular a nuestro sitio web. Usted aprueba eliminar inmediatamente todos los enlaces a nuestro sitio web a pedido. Tambi\u00e9n nos reservamos el derecho de modificar estos t\u00e9rminos y condiciones y su pol\u00edtica de vinculaci\u00f3n en cualquier momento. Al vincularse continuamente a nuestro sitio web, usted acepta estar sujeto y seguir estos t\u00e9rminos y condiciones de vinculaci\u00f3n.<\/p><h4><strong>Eliminaci\u00f3n de enlaces de nuestra web:<\/strong><\/h4><p>Si encuentra alg\u00fan enlace en nuestro sitio web que sea ofensivo por cualquier motivo, puede contactarnos e informarnos en cualquier momento. Consideraremos solicitudes para eliminar enlaces, pero no estamos obligados a hacerlo ni a responderle directamente.<\/p><p>No garantizamos que la informaci\u00f3n de este sitio web sea correcta. No garantizamos su integridad o exactitud, ni prometemos asegurarnos de que el sitio web permanezca disponible o que el material del sitio web se mantenga actualizado.<\/p><h4><strong>Descargo de responsabilidad:<\/strong><\/h4><p>En la m\u00e1xima medida permitida por la ley aplicable, excluimos todas las representaciones, garant\u00edas y condiciones relacionadas con nuestro sitio web y el uso de este sitio web. Nada en este descargo de responsabilidad:<\/p><ul><li>limitar o excluir nuestra o su responsabilidad por muerte o lesiones personales;<\/li><li>limitar o excluir nuestra o su responsabilidad por fraude o tergiversaci\u00f3n fraudulenta;<\/li><li>limitar cualquiera de nuestras responsabilidades o las suyas de cualquier manera que no est\u00e9 permitida por la ley aplicable; o<\/li><li>excluir cualquiera de nuestras o sus responsabilidades que no puedan ser excluidas bajo la ley aplicable.<\/li><\/ul><p>Las limitaciones y prohibiciones de responsabilidad establecidas en esta Secci\u00f3n y en otras partes de este descargo de responsabilidad: (a) est\u00e1n sujetas al p\u00e1rrafo anterior; y (b) rigen todas las responsabilidades que surjan en virtud de la exenci\u00f3n de responsabilidad, incluidas las responsabilidades que surjan por contrato, agravio y por incumplimiento del deber legal.<\/p><p>Siempre que el sitio web y la informaci\u00f3n y los servicios en el sitio web se proporcionen de forma gratuita, no seremos responsables de ninguna p\u00e9rdida o da\u00f1o de ning\u00fan tipo.<\/p>\t\t\t\t\t\t\t\t<\/div>\n\t\t\t\t<\/div>\n\t\t\t\t\t<\/div>\n\t\t<\/div>\n\t\t\t\t\t<\/div>\n\t\t<\/section>\n\t\t\t\t<\/div>","protected":false},"excerpt":{"rendered":"<p>Terms &#038; Conditions Welcome to Rathna Cinnamon! These terms and conditions outline the rules and regulations for the use of Rathna Producers Cinnamon Exports (Pvt) Ltd&#8217;s Website, located at https:\/\/www.rathnacinnamon.com.&hellip;<\/p>","protected":false},"author":196,"featured_media":0,"parent":0,"menu_order":0,"comment_status":"closed","ping_status":"closed","template":"elementor_canvas","meta":{"footnotes":""},"class_list":["post-706","page","type-page","status-publish","hentry"],"_links":{"self":[{"href":"https:\/\/www.rathnacinnamon.com\/es\/wp-json\/wp\/v2\/pages\/706","targetHints":{"allow":["GET"]}}],"collection":[{"href":"https:\/\/www.rathnacinnamon.com\/es\/wp-json\/wp\/v2\/pages"}],"about":[{"href":"https:\/\/www.rathnacinnamon.com\/es\/wp-json\/wp\/v2\/types\/page"}],"author":[{"embeddable":true,"href":"https:\/\/www.rathnacinnamon.com\/es\/wp-json\/wp\/v2\/users\/196"}],"replies":[{"embeddable":true,"href":"https:\/\/www.rathnacinnamon.com\/es\/wp-json\/wp\/v2\/comments?post=706"}],"version-history":[{"count":5,"href":"https:\/\/www.rathnacinnamon.com\/es\/wp-json\/wp\/v2\/pages\/706\/revisions"}],"predecessor-version":[{"id":2390,"href":"https:\/\/www.rathnacinnamon.com\/es\/wp-json\/wp\/v2\/pages\/706\/revisions\/2390"}],"wp:attachment":[{"href":"https:\/\/www.rathnacinnamon.com\/es\/wp-json\/wp\/v2\/media?parent=706"}],"curies":[{"name":"wp","href":"https:\/\/api.w.org\/{rel}","templated":true}]}}